
{"id":547,"date":"2015-10-05T08:21:20","date_gmt":"2015-10-05T08:21:20","guid":{"rendered":"http:\/\/wpweb-prod.rtu.lv\/universitasuasociacija\/?page_id=547"},"modified":"2025-04-15T08:09:11","modified_gmt":"2025-04-15T08:09:11","slug":"valde","status":"publish","type":"page","link":"https:\/\/lvua.lv\/?page_id=547","title":{"rendered":"VALDE"},"content":{"rendered":"\n<style type=\"text\/css\" data-created_by=\"avia_inline_auto\" id=\"style-css-av-14hzf-e7de982ec1d67b6efbf9642c7400e2d4\">\n#top .av-special-heading.av-14hzf-e7de982ec1d67b6efbf9642c7400e2d4{\npadding-bottom:10px;\n}\nbody .av-special-heading.av-14hzf-e7de982ec1d67b6efbf9642c7400e2d4 .av-special-heading-tag .heading-char{\nfont-size:25px;\n}\n.av-special-heading.av-14hzf-e7de982ec1d67b6efbf9642c7400e2d4 .av-subheading{\nfont-size:15px;\n}\n<\/style>\n<div  class='av-special-heading av-14hzf-e7de982ec1d67b6efbf9642c7400e2d4 av-special-heading-h3  avia-builder-el-0  el_before_av_hr  avia-builder-el-first '><h3 class='av-special-heading-tag '  itemprop=\"headline\"  >VALDE<\/h3><div class=\"special-heading-border\"><div class=\"special-heading-inner-border\"><\/div><\/div><\/div>\n\n<style type=\"text\/css\" data-created_by=\"avia_inline_auto\" id=\"style-css-av-2dzov7-985b9bf7cdf4e02b71a5188ad5fcf323\">\n#top .hr.hr-invisible.av-2dzov7-985b9bf7cdf4e02b71a5188ad5fcf323{\nheight:50px;\n}\n<\/style>\n<div  class='hr av-2dzov7-985b9bf7cdf4e02b71a5188ad5fcf323 hr-invisible  avia-builder-el-1  el_after_av_heading  el_before_av_one_fourth '><span class='hr-inner '><span class=\"hr-inner-style\"><\/span><\/span><\/div>\n\n<style type=\"text\/css\" data-created_by=\"avia_inline_auto\" id=\"style-css-av-dx3rv-a7ca3bae850f9005ea5072a4fbeba4e8\">\n.flex_column.av-dx3rv-a7ca3bae850f9005ea5072a4fbeba4e8{\nborder-radius:0px 0px 0px 0px;\npadding:0px 0px 0px 0px;\n}\n<\/style>\n<div  class='flex_column av-dx3rv-a7ca3bae850f9005ea5072a4fbeba4e8 av_one_fourth  avia-builder-el-2  el_after_av_hr  el_before_av_one_fourth  first flex_column_div av-zero-column-padding  '     ><section  class='avia-team-member av-9k4jf-ff351fafe90fafc8c547e5c3eb03dfa4  avia-builder-el-3  avia-builder-el-no-sibling '  itemscope=\"itemscope\" itemtype=\"https:\/\/schema.org\/Person\" ><div class=\"team-img-container\"><img decoding=\"async\" fetchpriority=\"high\" class='wp-image-1454 avia-img-lazy-loading-not-1454 avia_image avia_image_team' src=\"https:\/\/wpweb-prod.rtu.lv\/universitasuasociacija\/wp-content\/uploads\/sites\/16\/2024\/10\/Aigars_Petersons_10.2024-300x199.jpg\" alt='Aigars P\u0113tersons'  itemprop=\"image\"   height=\"199\" width=\"300\" srcset=\"https:\/\/wpweb-prod.rtu.lv\/universitasuasociacija\/wp-content\/uploads\/sites\/16\/2024\/10\/Aigars_Petersons_10.2024-300x199.jpg 300w, https:\/\/wpweb-prod.rtu.lv\/universitasuasociacija\/wp-content\/uploads\/sites\/16\/2024\/10\/Aigars_Petersons_10.2024-1030x684.jpg 1030w, https:\/\/wpweb-prod.rtu.lv\/universitasuasociacija\/wp-content\/uploads\/sites\/16\/2024\/10\/Aigars_Petersons_10.2024-768x510.jpg 768w, https:\/\/wpweb-prod.rtu.lv\/universitasuasociacija\/wp-content\/uploads\/sites\/16\/2024\/10\/Aigars_Petersons_10.2024-1536x1020.jpg 1536w, https:\/\/wpweb-prod.rtu.lv\/universitasuasociacija\/wp-content\/uploads\/sites\/16\/2024\/10\/Aigars_Petersons_10.2024-1500x996.jpg 1500w, https:\/\/wpweb-prod.rtu.lv\/universitasuasociacija\/wp-content\/uploads\/sites\/16\/2024\/10\/Aigars_Petersons_10.2024-705x468.jpg 705w, https:\/\/wpweb-prod.rtu.lv\/universitasuasociacija\/wp-content\/uploads\/sites\/16\/2024\/10\/Aigars_Petersons_10.2024.jpg 1542w\" sizes=\"(max-width: 300px) 100vw, 300px\" \/><\/div><h3 class='team-member-name '  itemprop=\"name\" >Aigars P\u0113tersons<\/h3><div class='team-member-job-title '  itemprop=\"jobTitle\" >R\u012bgas Stradi\u0146a universit\u0101tes rektors<\/div><div class='team-member-description '  itemprop=\"description\" ><p>Latvijas Universit\u0101\u0161u asoci\u0101cijas valdes priek\u0161s\u0113d\u0113t\u0101js<\/p>\n<\/div><span class='hidden team-member-affiliation'  itemprop=\"affiliation\" >LATVIJAS UNIVERSIT\u0100\u0160U ASOCI\u0100CIJA<\/span><\/section><\/div>\n\n<style type=\"text\/css\" data-created_by=\"avia_inline_auto\" id=\"style-css-av-1u5w3v-20dfa387c827a720614a2d8d465025a1\">\n.flex_column.av-1u5w3v-20dfa387c827a720614a2d8d465025a1{\nborder-radius:0px 0px 0px 0px;\npadding:0px 0px 0px 0px;\n}\n<\/style>\n<div  class='flex_column av-1u5w3v-20dfa387c827a720614a2d8d465025a1 av_one_fourth  avia-builder-el-4  el_after_av_one_fourth  el_before_av_one_fourth  flex_column_div av-zero-column-padding  '     ><section  class='avia-team-member av-1p87i3-ce8842d8a88f0cf1366120e8951f6633  avia-builder-el-5  avia-builder-el-no-sibling '  itemscope=\"itemscope\" itemtype=\"https:\/\/schema.org\/Person\" ><div class=\"team-img-container\"><img decoding=\"async\" fetchpriority=\"high\" class='wp-image-1449 avia-img-lazy-loading-not-1449 avia_image avia_image_team' src=\"https:\/\/wpweb-prod.rtu.lv\/universitasuasociacija\/wp-content\/uploads\/sites\/16\/2024\/10\/Irina_Arhipova.jpg\" alt='Irina Arhipova'  itemprop=\"image\"   height=\"199\" width=\"300\" \/><\/div><h3 class='team-member-name '  itemprop=\"name\" >Irina Arhipova<\/h3><div class='team-member-job-title '  itemprop=\"jobTitle\" >Latvijas Biozin\u0101t\u0146u un tehnolo\u0123iju universit\u0101tes rektore<\/div><div class='team-member-description '  itemprop=\"description\" ><p>Latvijas Universit\u0101\u0161u asoci\u0101cijas valdes locekle<\/p>\n<\/div><span class='hidden team-member-affiliation'  itemprop=\"affiliation\" >LATVIJAS UNIVERSIT\u0100\u0160U ASOCI\u0100CIJA<\/span><\/section><\/div>\n<div  class='flex_column av-263i5n-94279a26dbb8dcaa26a5f396a0049e42 av_one_fourth  avia-builder-el-6  el_after_av_one_fourth  el_before_av_one_fourth  flex_column_div  '     ><section  class='avia-team-member av-21320j-17143250a17ded52f3b38f47cf5d121a  avia-builder-el-7  avia-builder-el-no-sibling '  itemscope=\"itemscope\" itemtype=\"https:\/\/schema.org\/Person\" ><div class=\"team-img-container\"><img decoding=\"async\" fetchpriority=\"high\" class='wp-image-1459 avia-img-lazy-loading-not-1459 avia_image avia_image_team' src=\"https:\/\/wpweb-prod.rtu.lv\/universitasuasociacija\/wp-content\/uploads\/sites\/16\/2024\/10\/talis_juhna_rtu_rektors_10.2024-300x200.jpg\" alt='T\u0101lis Juhna'  itemprop=\"image\"   height=\"200\" width=\"300\" srcset=\"https:\/\/wpweb-prod.rtu.lv\/universitasuasociacija\/wp-content\/uploads\/sites\/16\/2024\/10\/talis_juhna_rtu_rektors_10.2024-300x200.jpg 300w, https:\/\/wpweb-prod.rtu.lv\/universitasuasociacija\/wp-content\/uploads\/sites\/16\/2024\/10\/talis_juhna_rtu_rektors_10.2024-1030x686.jpg 1030w, https:\/\/wpweb-prod.rtu.lv\/universitasuasociacija\/wp-content\/uploads\/sites\/16\/2024\/10\/talis_juhna_rtu_rektors_10.2024-768x512.jpg 768w, https:\/\/wpweb-prod.rtu.lv\/universitasuasociacija\/wp-content\/uploads\/sites\/16\/2024\/10\/talis_juhna_rtu_rektors_10.2024-1536x1024.jpg 1536w, https:\/\/wpweb-prod.rtu.lv\/universitasuasociacija\/wp-content\/uploads\/sites\/16\/2024\/10\/talis_juhna_rtu_rektors_10.2024-1500x1000.jpg 1500w, https:\/\/wpweb-prod.rtu.lv\/universitasuasociacija\/wp-content\/uploads\/sites\/16\/2024\/10\/talis_juhna_rtu_rektors_10.2024-705x470.jpg 705w, https:\/\/wpweb-prod.rtu.lv\/universitasuasociacija\/wp-content\/uploads\/sites\/16\/2024\/10\/talis_juhna_rtu_rektors_10.2024.jpg 2000w\" sizes=\"(max-width: 300px) 100vw, 300px\" \/><\/div><h3 class='team-member-name '  itemprop=\"name\" >T\u0101lis Juhna<\/h3><div class='team-member-job-title '  itemprop=\"jobTitle\" >R\u012bgas Tehnisk\u0101s universit\u0101tes rektors<\/div><div class='team-member-description '  itemprop=\"description\" ><p>Latvijas Universit\u0101\u0161u asoci\u0101cijas valdes loceklis<\/p>\n<\/div><span class='hidden team-member-affiliation'  itemprop=\"affiliation\" >LATVIJAS UNIVERSIT\u0100\u0160U ASOCI\u0100CIJA<\/span><\/section><\/div>\n<div  class='flex_column av-8tpx7-0828d8d99c1c0aff1ee6f823f6a5786a av_one_fourth  avia-builder-el-8  el_after_av_one_fourth  el_before_av_one_fourth  flex_column_div  '     ><\/div>\n<div  class='flex_column av-12klmb-2d96abbf618a8c7598044ecff695af3f av_one_fourth  avia-builder-el-9  el_after_av_one_fourth  el_before_av_one_fourth  first flex_column_div  column-top-margin'     ><section  class='avia-team-member av-3dwjf-58120d16fc6cbe4e882c1634158b2b3f  avia-builder-el-10  avia-builder-el-no-sibling '  itemscope=\"itemscope\" itemtype=\"https:\/\/schema.org\/Person\" ><div class=\"team-img-container\"><img decoding=\"async\" fetchpriority=\"high\" class='wp-image-1465 avia-img-lazy-loading-not-1465 avia_image avia_image_team' src=\"https:\/\/wpweb-prod.rtu.lv\/universitasuasociacija\/wp-content\/uploads\/sites\/16\/2024\/10\/csm_Gundars_Berzins_608cc68e1f.jpg\" alt='Gundars B\u0113rzi\u0146\u0161'  itemprop=\"image\"   height=\"200\" width=\"300\" \/><\/div><h3 class='team-member-name '  itemprop=\"name\" >Gundars B\u0113rzi\u0146\u0161<\/h3><div class='team-member-job-title '  itemprop=\"jobTitle\" >Latvijas Universit\u0101tes rektors<\/div><div class='team-member-description '  itemprop=\"description\" ><p>Latvijas Universit\u0101\u0161u asoci\u0101cijas valdes loceklis<\/p>\n<\/div><span class='hidden team-member-affiliation'  itemprop=\"affiliation\" >LATVIJAS UNIVERSIT\u0100\u0160U ASOCI\u0100CIJA<\/span><\/section><\/div>\n<div  class='flex_column av-82r8r-a4d3565cc7e8d25cb409c17c393f12c8 av_one_fourth  avia-builder-el-11  el_after_av_one_fourth  el_before_av_one_fourth  flex_column_div  column-top-margin'     ><\/div>\n\n<style type=\"text\/css\" data-created_by=\"avia_inline_auto\" id=\"style-css-av-1im8df-bb53f8d76d4908d4c239c89d21110301\">\n.flex_column.av-1im8df-bb53f8d76d4908d4c239c89d21110301{\nborder-radius:0px 0px 0px 0px;\npadding:0px 0px 0px 0px;\n}\n<\/style>\n<div  class='flex_column av-1im8df-bb53f8d76d4908d4c239c89d21110301 av_one_fourth  avia-builder-el-12  el_after_av_one_fourth  avia-builder-el-last  flex_column_div av-zero-column-padding  column-top-margin'     ><section  class='avia-team-member av-1codar-e9767bdac51b26fe717480ba6734cae9  avia-builder-el-13  avia-builder-el-no-sibling '  itemscope=\"itemscope\" itemtype=\"https:\/\/schema.org\/Person\" ><div class=\"team-img-container\"><img decoding=\"async\" fetchpriority=\"high\" class='wp-image-1457 avia-img-lazy-loading-not-1457 avia_image avia_image_team' src=\"https:\/\/wpweb-prod.rtu.lv\/universitasuasociacija\/wp-content\/uploads\/sites\/16\/2024\/10\/Arvids_Barsevskis_10.2024-300x200.jpg\" alt='Arv\u012bds Bar\u0161evskis'  itemprop=\"image\"   height=\"200\" width=\"300\" srcset=\"https:\/\/wpweb-prod.rtu.lv\/universitasuasociacija\/wp-content\/uploads\/sites\/16\/2024\/10\/Arvids_Barsevskis_10.2024-300x200.jpg 300w, https:\/\/wpweb-prod.rtu.lv\/universitasuasociacija\/wp-content\/uploads\/sites\/16\/2024\/10\/Arvids_Barsevskis_10.2024-768x513.jpg 768w, https:\/\/wpweb-prod.rtu.lv\/universitasuasociacija\/wp-content\/uploads\/sites\/16\/2024\/10\/Arvids_Barsevskis_10.2024-705x471.jpg 705w, https:\/\/wpweb-prod.rtu.lv\/universitasuasociacija\/wp-content\/uploads\/sites\/16\/2024\/10\/Arvids_Barsevskis_10.2024.jpg 1024w\" sizes=\"(max-width: 300px) 100vw, 300px\" \/><\/div><h3 class='team-member-name '  itemprop=\"name\" >Arv\u012bds Bar\u0161evskis<\/h3><div class='team-member-job-title '  itemprop=\"jobTitle\" >Daugavpils Universit\u0101tes rektors<\/div><div class='team-member-description '  itemprop=\"description\" ><p>Latvijas Universit\u0101\u0161u asoci\u0101cijas valdes loceklis<\/p>\n<\/div><span class='hidden team-member-affiliation'  itemprop=\"affiliation\" >LATVIJAS UNIVERSIT\u0100\u0160U ASOCI\u0100CIJA<\/span><\/section><\/div>\n","protected":false},"excerpt":{"rendered":"","protected":false},"author":70,"featured_media":0,"parent":0,"menu_order":0,"comment_status":"closed","ping_status":"closed","template":"","meta":{"_monsterinsights_skip_tracking":false,"_monsterinsights_sitenote_active":false,"_monsterinsights_sitenote_note":"","_monsterinsights_sitenote_category":0,"footnotes":""},"class_list":["post-547","page","type-page","status-publish","hentry"],"meta_box":[],"_links":{"self":[{"href":"https:\/\/lvua.lv\/index.php?rest_route=\/wp\/v2\/pages\/547","targetHints":{"allow":["GET"]}}],"collection":[{"href":"https:\/\/lvua.lv\/index.php?rest_route=\/wp\/v2\/pages"}],"about":[{"href":"https:\/\/lvua.lv\/index.php?rest_route=\/wp\/v2\/types\/page"}],"author":[{"embeddable":true,"href":"https:\/\/lvua.lv\/index.php?rest_route=\/wp\/v2\/users\/70"}],"replies":[{"embeddable":true,"href":"https:\/\/lvua.lv\/index.php?rest_route=%2Fwp%2Fv2%2Fcomments&post=547"}],"version-history":[{"count":28,"href":"https:\/\/lvua.lv\/index.php?rest_route=\/wp\/v2\/pages\/547\/revisions"}],"predecessor-version":[{"id":1474,"href":"https:\/\/lvua.lv\/index.php?rest_route=\/wp\/v2\/pages\/547\/revisions\/1474"}],"wp:attachment":[{"href":"https:\/\/lvua.lv\/index.php?rest_route=%2Fwp%2Fv2%2Fmedia&parent=547"}],"curies":[{"name":"wp","href":"https:\/\/api.w.org\/{rel}","templated":true}]}}