
{"id":546,"date":"2015-10-05T08:23:19","date_gmt":"2015-10-05T08:23:19","guid":{"rendered":"http:\/\/wpweb-prod.rtu.lv\/universitasuasociacija\/?page_id=546"},"modified":"2022-05-20T11:17:44","modified_gmt":"2022-05-20T11:17:44","slug":"statistika2","status":"publish","type":"page","link":"https:\/\/lvua.lv\/?page_id=546","title":{"rendered":"STATISTIKA"},"content":{"rendered":"\n<style type=\"text\/css\" data-created_by=\"avia_inline_auto\" id=\"style-css-av-av_heading-ff011b87e16a990762ae77b98d5f3c50\">\n#top .av-special-heading.av-av_heading-ff011b87e16a990762ae77b98d5f3c50{\npadding-bottom:10px;\n}\nbody .av-special-heading.av-av_heading-ff011b87e16a990762ae77b98d5f3c50 .av-special-heading-tag .heading-char{\nfont-size:25px;\n}\n.av-special-heading.av-av_heading-ff011b87e16a990762ae77b98d5f3c50 .av-subheading{\nfont-size:15px;\n}\n<\/style>\n<div  class='av-special-heading av-av_heading-ff011b87e16a990762ae77b98d5f3c50 av-special-heading-h3  avia-builder-el-0  el_before_av_one_full  avia-builder-el-first '><h3 class='av-special-heading-tag '  itemprop=\"headline\"  >STATISTIKA<\/h3><div class=\"special-heading-border\"><div class=\"special-heading-inner-border\"><\/div><\/div><\/div>\n<div  class='flex_column av-7nxpui-9552c044375d87e9a4c5ea2b518beeaf av_one_full  avia-builder-el-1  el_after_av_heading  el_before_av_hr  first flex_column_div  '     ><p>\n<style type=\"text\/css\" data-created_by=\"avia_inline_auto\" id=\"style-css-av-2b3bx6-5ef1dcdc26dc1b8734d01ab364096938\">\n#top .av-special-heading.av-2b3bx6-5ef1dcdc26dc1b8734d01ab364096938{\npadding-bottom:10px;\n}\nbody .av-special-heading.av-2b3bx6-5ef1dcdc26dc1b8734d01ab364096938 .av-special-heading-tag .heading-char{\nfont-size:25px;\n}\n.av-special-heading.av-2b3bx6-5ef1dcdc26dc1b8734d01ab364096938 .av-subheading{\nfont-size:15px;\n}\n<\/style>\n<div  class='av-special-heading av-2b3bx6-5ef1dcdc26dc1b8734d01ab364096938 av-special-heading-h3  avia-builder-el-2  el_before_av_table  avia-builder-el-first '><h3 class='av-special-heading-tag '  itemprop=\"headline\"  >KOP\u0112JAIS STUDENTU SKAITS<\/h3><div class=\"special-heading-border\"><div class=\"special-heading-inner-border\"><\/div><\/div><\/div><br \/>\n<div class='avia-data-table-wrap av-7c3g62-e9ba4363823b9fea4d7730f8c5f9d292 avia_responsive_table avia-table-1'><table  class='avia-table avia-data-table avia_pricing_default  avia-builder-el-3  el_after_av_heading  avia-builder-el-last '  itemscope=\"itemscope\" itemtype=\"https:\/\/schema.org\/Table\" ><tbody><tr class=''><td class=''><\/td><td class=''><\/p>\n<p style=\"text-align: center\">\u00a0Studentu skaits<br \/>\n2020.g.<\/p>\n<p><\/td><td class=''><\/p>\n<p style=\"text-align: center\">Bud\u017eeta vietas<br \/>\n2020.g.<\/p>\n<p><\/td><\/tr><tr class=''><td class=''>LUA universit\u0101tes<\/td><td class=''><\/p>\n<p style=\"text-align: center\">47 992<\/p>\n<p><\/td><td class=''><\/p>\n<p style=\"text-align: center\">24 487<\/p>\n<p><\/td><\/tr><tr class=''><td class=''>Kop\u0113jais % no vis\u0101m Latvijas augstskol\u0101m un koled\u017e\u0101m<\/td><td class=''><\/p>\n<p style=\"text-align: center\">63%<\/p>\n<p><\/td><td class=''><\/p>\n<p style=\"text-align: center\">77%<\/p>\n<p><\/td><\/tr><\/tbody><\/table><\/div><\/p><\/div>\n\n<style type=\"text\/css\" data-created_by=\"avia_inline_auto\" id=\"style-css-av-574lea-7ffcfc6c461af66e0a5ec0068dd15e3d\">\n#top .hr.hr-invisible.av-574lea-7ffcfc6c461af66e0a5ec0068dd15e3d{\nheight:20px;\n}\n<\/style>\n<div  class='hr av-574lea-7ffcfc6c461af66e0a5ec0068dd15e3d hr-invisible  avia-builder-el-4  el_after_av_one_full  el_before_av_one_full '><span class='hr-inner '><span class=\"hr-inner-style\"><\/span><\/span><\/div>\n<div  class='flex_column av-52xup6-3aad638380e26ab1eb7f5f0c0e937571 av_one_full  avia-builder-el-5  el_after_av_hr  el_before_av_three_fifth  first flex_column_div  '     ><p>\n<style type=\"text\/css\" data-created_by=\"avia_inline_auto\" id=\"style-css-av-1rz936-561f18cd8776a015ed370538f7ddc2be\">\n#top .av-special-heading.av-1rz936-561f18cd8776a015ed370538f7ddc2be{\npadding-bottom:10px;\n}\nbody .av-special-heading.av-1rz936-561f18cd8776a015ed370538f7ddc2be .av-special-heading-tag .heading-char{\nfont-size:25px;\n}\n.av-special-heading.av-1rz936-561f18cd8776a015ed370538f7ddc2be .av-subheading{\nfont-size:15px;\n}\n<\/style>\n<div  class='av-special-heading av-1rz936-561f18cd8776a015ed370538f7ddc2be av-special-heading-h3  avia-builder-el-6  el_before_av_table  avia-builder-el-first '><h3 class='av-special-heading-tag '  itemprop=\"headline\"  >PERSON\u0100LA SKAITS<\/h3><div class=\"special-heading-border\"><div class=\"special-heading-inner-border\"><\/div><\/div><\/div><br \/>\n<div class='avia-data-table-wrap av-4ph9he-2e6cb5687be6dfd1fdba116b109a1650 avia_responsive_table avia-table-2'><table  class='avia-table avia-data-table avia_pricing_default  avia-builder-el-7  el_after_av_heading  avia-builder-el-last '  itemscope=\"itemscope\" itemtype=\"https:\/\/schema.org\/Table\" ><tbody><tr class=''><td class=''><\/td><td class=''><\/p>\n<p style=\"text-align: center\">Akad\u0113miskais person\u0101ls<br \/>\n2020.g.<\/p>\n<p><\/td><\/tr><tr class=''><td class=''>LUA universit\u0101tes<\/td><td class=''><\/p>\n<p style=\"text-align: center\">3 328<\/p>\n<p><\/td><\/tr><tr class=''><td class=''>Kop\u0113jais % no vis\u0101m Latvijas augstskol\u0101m un koled\u017e\u0101m<\/td><td class=''><\/p>\n<p style=\"text-align: center\">69%<\/p>\n<p><\/td><\/tr><\/tbody><\/table><\/div><\/p><\/div>\n<div  class='flex_column av-2377iy-13510a33fbd657ce834fd3f9815704ee av_three_fifth  avia-builder-el-8  el_after_av_one_full  el_before_av_two_fifth  first flex_column_div  column-top-margin'     ><p>\n<style type=\"text\/css\" data-created_by=\"avia_inline_auto\" id=\"style-css-av-av_heading-d10899c1e408e4a886415745f1b55d6f\">\n#top .av-special-heading.av-av_heading-d10899c1e408e4a886415745f1b55d6f{\npadding-bottom:10px;\n}\nbody .av-special-heading.av-av_heading-d10899c1e408e4a886415745f1b55d6f .av-special-heading-tag .heading-char{\nfont-size:25px;\n}\n.av-special-heading.av-av_heading-d10899c1e408e4a886415745f1b55d6f .av-subheading{\nfont-size:15px;\n}\n<\/style>\n<div  class='av-special-heading av-av_heading-d10899c1e408e4a886415745f1b55d6f av-special-heading-h3  avia-builder-el-9  el_before_av_table  avia-builder-el-first '><h3 class='av-special-heading-tag '  itemprop=\"headline\"  >KOP\u0112JAIS BUD\u017dETS<\/h3><div class=\"special-heading-border\"><div class=\"special-heading-inner-border\"><\/div><\/div><\/div><br \/>\n<div class='avia-data-table-wrap av-1p6atu-dc5d99c4f7e1bf555a884359c4fb7cd2 avia_responsive_table avia-table-3'><table  class='avia-table avia-data-table avia_pricing_default  avia-builder-el-10  el_after_av_heading  avia-builder-el-last '  itemscope=\"itemscope\" itemtype=\"https:\/\/schema.org\/Table\" ><tbody><tr class=''><td class=''><\/td><td class=''><\/p>\n<p style=\"text-align: center\">\u00a0Bud\u017eets<br \/>\n2020.g.<\/p>\n<p><\/td><\/tr><tr class=''><td class=''>LUA universit\u0101tes<\/td><td class=''><\/p>\n<p style=\"text-align: center\">322 313 177 EUR<\/p>\n<p><\/td><\/tr><tr class=''><td class=''>Kop\u0113jais % no vis\u0101m Latvijas augstskol\u0101m un koled\u017e\u0101m<\/td><td class=''><\/p>\n<p style=\"text-align: center\">81%<\/p>\n<p><\/td><\/tr><\/tbody><\/table><\/div><\/p><\/div><div  class='flex_column av-2377iy-fbe2e2a1b45c89dca9c63ef8ee56d6ef av_two_fifth  avia-builder-el-11  el_after_av_three_fifth  avia-builder-el-last  flex_column_div  column-top-margin'     ><\/div><\/p>\n","protected":false},"excerpt":{"rendered":"","protected":false},"author":1,"featured_media":0,"parent":0,"menu_order":0,"comment_status":"closed","ping_status":"open","template":"","meta":{"_monsterinsights_skip_tracking":false,"_monsterinsights_sitenote_active":false,"_monsterinsights_sitenote_note":"","_monsterinsights_sitenote_category":0,"footnotes":""},"class_list":["post-546","page","type-page","status-publish","hentry"],"meta_box":[],"_links":{"self":[{"href":"https:\/\/lvua.lv\/index.php?rest_route=\/wp\/v2\/pages\/546","targetHints":{"allow":["GET"]}}],"collection":[{"href":"https:\/\/lvua.lv\/index.php?rest_route=\/wp\/v2\/pages"}],"about":[{"href":"https:\/\/lvua.lv\/index.php?rest_route=\/wp\/v2\/types\/page"}],"author":[{"embeddable":true,"href":"https:\/\/lvua.lv\/index.php?rest_route=\/wp\/v2\/users\/1"}],"replies":[{"embeddable":true,"href":"https:\/\/lvua.lv\/index.php?rest_route=%2Fwp%2Fv2%2Fcomments&post=546"}],"version-history":[{"count":16,"href":"https:\/\/lvua.lv\/index.php?rest_route=\/wp\/v2\/pages\/546\/revisions"}],"predecessor-version":[{"id":1125,"href":"https:\/\/lvua.lv\/index.php?rest_route=\/wp\/v2\/pages\/546\/revisions\/1125"}],"wp:attachment":[{"href":"https:\/\/lvua.lv\/index.php?rest_route=%2Fwp%2Fv2%2Fmedia&parent=546"}],"curies":[{"name":"wp","href":"https:\/\/api.w.org\/{rel}","templated":true}]}}