
{"id":540,"date":"2015-10-05T08:25:33","date_gmt":"2015-10-05T08:25:33","guid":{"rendered":"http:\/\/wpweb-prod.rtu.lv\/universitasuasociacija\/?page_id=540"},"modified":"2025-05-22T13:42:29","modified_gmt":"2025-05-22T13:42:29","slug":"biedri","status":"publish","type":"page","link":"https:\/\/lvua.lv\/?page_id=540","title":{"rendered":"BIEDRI"},"content":{"rendered":"\n<style type=\"text\/css\" data-created_by=\"avia_inline_auto\" id=\"style-css-av-bcc9g-8bb930348144954a5fcdd8843a3005c7\">\n#top .av-special-heading.av-bcc9g-8bb930348144954a5fcdd8843a3005c7{\npadding-bottom:10px;\n}\nbody .av-special-heading.av-bcc9g-8bb930348144954a5fcdd8843a3005c7 .av-special-heading-tag .heading-char{\nfont-size:25px;\n}\n.av-special-heading.av-bcc9g-8bb930348144954a5fcdd8843a3005c7 .av-subheading{\nfont-size:15px;\n}\n<\/style>\n<div  class='av-special-heading av-bcc9g-8bb930348144954a5fcdd8843a3005c7 av-special-heading-h3  avia-builder-el-0  el_before_av_hr  avia-builder-el-first '><h3 class='av-special-heading-tag '  itemprop=\"headline\"  >BIEDRI<\/h3><div class=\"special-heading-border\"><div class=\"special-heading-inner-border\"><\/div><\/div><\/div>\n\n<style type=\"text\/css\" data-created_by=\"avia_inline_auto\" id=\"style-css-av-3eis84-97a62c2453be803505fae1d9fa093ef8\">\n#top .hr.hr-invisible.av-3eis84-97a62c2453be803505fae1d9fa093ef8{\nheight:50px;\n}\n<\/style>\n<div  class='hr av-3eis84-97a62c2453be803505fae1d9fa093ef8 hr-invisible  avia-builder-el-1  el_after_av_heading  el_before_av_one_fourth '><span class='hr-inner '><span class=\"hr-inner-style\"><\/span><\/span><\/div>\n\n<style type=\"text\/css\" data-created_by=\"avia_inline_auto\" id=\"style-css-av-2qcmlw-78576ba37173326c9b9045ebd7c3968a\">\n.flex_column.av-2qcmlw-78576ba37173326c9b9045ebd7c3968a{\nborder-radius:0px 0px 0px 0px;\npadding:0px 0px 0px 0px;\n}\n<\/style>\n<div  class='flex_column av-2qcmlw-78576ba37173326c9b9045ebd7c3968a av_one_fourth  avia-builder-el-2  el_after_av_hr  el_before_av_one_fourth  first flex_column_div av-zero-column-padding  '     ><p>\n<style type=\"text\/css\" data-created_by=\"avia_inline_auto\" id=\"style-css-av-2n3u4s-33ffd95d4bae42a655c24f56b237c022\">\n.avia-image-container.av-2n3u4s-33ffd95d4bae42a655c24f56b237c022 img.avia_image{\nbox-shadow:none;\n}\n.avia-image-container.av-2n3u4s-33ffd95d4bae42a655c24f56b237c022 .av-image-caption-overlay-center{\ncolor:#ffffff;\n}\n<\/style>\n<div  class='avia-image-container av-2n3u4s-33ffd95d4bae42a655c24f56b237c022 av-styling- av-img-linked avia-align-center  avia-builder-el-3  el_before_av_textblock  avia-builder-el-first '   itemprop=\"image\" itemscope=\"itemscope\" itemtype=\"https:\/\/schema.org\/ImageObject\" ><div class=\"avia-image-container-inner\"><div class=\"avia-image-overlay-wrap\"><a href=\"http:\/\/www.rsu.lv\/\" class='avia_image ' target=\"_blank\" rel=\"noopener noreferrer\" aria-label='Rsu_logo_small'><img decoding=\"async\" fetchpriority=\"high\" class='wp-image-584 avia-img-lazy-loading-not-584 avia_image ' src=\"https:\/\/wpweb-prod.rtu.lv\/universitasuasociacija\/wp-content\/uploads\/sites\/16\/2015\/09\/Rsu_logo_small-1.jpg\" alt='' title='Rsu_logo_small'  height=\"150\" width=\"150\"  itemprop=\"thumbnailUrl\" srcset=\"https:\/\/wpweb-prod.rtu.lv\/universitasuasociacija\/wp-content\/uploads\/sites\/16\/2015\/09\/Rsu_logo_small-1.jpg 150w, https:\/\/wpweb-prod.rtu.lv\/universitasuasociacija\/wp-content\/uploads\/sites\/16\/2015\/09\/Rsu_logo_small-1-80x80.jpg 80w, https:\/\/wpweb-prod.rtu.lv\/universitasuasociacija\/wp-content\/uploads\/sites\/16\/2015\/09\/Rsu_logo_small-1-36x36.jpg 36w, https:\/\/wpweb-prod.rtu.lv\/universitasuasociacija\/wp-content\/uploads\/sites\/16\/2015\/09\/Rsu_logo_small-1-120x120.jpg 120w\" sizes=\"(max-width: 150px) 100vw, 150px\" \/><\/a><\/div><\/div><\/div><br \/>\n<section  class='av_textblock_section av-2h5kec-7aea3c9df5dd4809be2f07590521b9e6 '   itemscope=\"itemscope\" itemtype=\"https:\/\/schema.org\/CreativeWork\" ><div class='avia_textblock'  itemprop=\"text\" ><p style=\"text-align: center\"><a href=\"http:\/\/www.rsu.lv\/\" target=\"_blank\" rel=\"noopener\">R\u012bgas Stradi\u0146a universit\u0101te<\/a><\/p>\n<\/div><\/section><\/p><\/div>\n<div  class='flex_column av-36eqc4-81dc5bd4bcacca4a44c821751cd730f9 av_one_fourth  avia-builder-el-5  el_after_av_one_fourth  el_before_av_one_fourth  flex_column_div  '     ><p>\n<style type=\"text\/css\" data-created_by=\"avia_inline_auto\" id=\"style-css-av-33awvg-db9591b9f35b42920bc77a42a981bff6\">\n.avia-image-container.av-33awvg-db9591b9f35b42920bc77a42a981bff6 img.avia_image{\nbox-shadow:none;\n}\n.avia-image-container.av-33awvg-db9591b9f35b42920bc77a42a981bff6 .av-image-caption-overlay-center{\ncolor:#ffffff;\n}\n<\/style>\n<div  class='avia-image-container av-33awvg-db9591b9f35b42920bc77a42a981bff6 av-styling- av-img-linked avia-align-center  avia-builder-el-6  el_before_av_textblock  avia-builder-el-first '   itemprop=\"image\" itemscope=\"itemscope\" itemtype=\"https:\/\/schema.org\/ImageObject\" ><div class=\"avia-image-container-inner\"><div class=\"avia-image-overlay-wrap\"><a href=\"http:\/\/www.rtu.lv\/\" class='avia_image ' target=\"_blank\" rel=\"noopener noreferrer\" aria-label='rtu_logo_lv_rgb_jpg'><img decoding=\"async\" fetchpriority=\"high\" class='wp-image-607 avia-img-lazy-loading-not-607 avia_image ' src=\"https:\/\/wpweb-prod.rtu.lv\/universitasuasociacija\/wp-content\/uploads\/sites\/16\/2015\/10\/RTU_logo_LV_RGB_JPG-2.jpg\" alt='' title='rtu_logo_lv_rgb_jpg'  height=\"150\" width=\"150\"  itemprop=\"thumbnailUrl\" srcset=\"https:\/\/wpweb-prod.rtu.lv\/universitasuasociacija\/wp-content\/uploads\/sites\/16\/2015\/10\/RTU_logo_LV_RGB_JPG-2.jpg 150w, https:\/\/wpweb-prod.rtu.lv\/universitasuasociacija\/wp-content\/uploads\/sites\/16\/2015\/10\/RTU_logo_LV_RGB_JPG-2-80x80.jpg 80w, https:\/\/wpweb-prod.rtu.lv\/universitasuasociacija\/wp-content\/uploads\/sites\/16\/2015\/10\/RTU_logo_LV_RGB_JPG-2-36x36.jpg 36w, https:\/\/wpweb-prod.rtu.lv\/universitasuasociacija\/wp-content\/uploads\/sites\/16\/2015\/10\/RTU_logo_LV_RGB_JPG-2-120x120.jpg 120w\" sizes=\"(max-width: 150px) 100vw, 150px\" \/><\/a><\/div><\/div><\/div><br \/>\n<section  class='av_textblock_section av-2uoxx8-565f4653b63ace099382bf0e358dc9bd '   itemscope=\"itemscope\" itemtype=\"https:\/\/schema.org\/CreativeWork\" ><div class='avia_textblock'  itemprop=\"text\" ><p style=\"text-align: center\"><a href=\"http:\/\/www.rtu.lv\/\" target=\"_blank\" rel=\"noopener\">R\u012bgas Tehnisk\u0101 universit\u0101te<\/a><\/p>\n<\/div><\/section><\/p><\/div>\n\n<style type=\"text\/css\" data-created_by=\"avia_inline_auto\" id=\"style-css-av-1s7p3g-deeade391240f8b8ef8395a2c92bc38b\">\n.flex_column.av-1s7p3g-deeade391240f8b8ef8395a2c92bc38b{\nborder-radius:0px 0px 0px 0px;\npadding:0px 0px 0px 0px;\n}\n<\/style>\n<div  class='flex_column av-1s7p3g-deeade391240f8b8ef8395a2c92bc38b av_one_fourth  avia-builder-el-8  el_after_av_one_fourth  el_before_av_one_fourth  flex_column_div av-zero-column-padding  '     ><p>\n<style type=\"text\/css\" data-created_by=\"avia_inline_auto\" id=\"style-css-av-1j31b0-b3ffc92120d3b2ad0a1ec6d52f3aabaf\">\n.avia-image-container.av-1j31b0-b3ffc92120d3b2ad0a1ec6d52f3aabaf img.avia_image{\nbox-shadow:none;\n}\n.avia-image-container.av-1j31b0-b3ffc92120d3b2ad0a1ec6d52f3aabaf .av-image-caption-overlay-center{\ncolor:#ffffff;\n}\n<\/style>\n<div  class='avia-image-container av-1j31b0-b3ffc92120d3b2ad0a1ec6d52f3aabaf av-styling- av-img-linked avia-align-center  avia-builder-el-9  el_before_av_textblock  avia-builder-el-first '   itemprop=\"image\" itemscope=\"itemscope\" itemtype=\"https:\/\/schema.org\/ImageObject\" ><div class=\"avia-image-container-inner\"><div class=\"avia-image-overlay-wrap\"><a href=\"http:\/\/www.llu.lv\/\" class='avia_image ' target=\"_blank\" rel=\"noopener noreferrer\" aria-label='LV_LBTU_logo-centrets_2022_zalsX'><img decoding=\"async\" fetchpriority=\"high\" class='wp-image-1259 avia-img-lazy-loading-not-1259 avia_image ' src=\"https:\/\/wpweb-prod.rtu.lv\/universitasuasociacija\/wp-content\/uploads\/sites\/16\/2022\/12\/LV_LBTU_logo-centrets_2022_zalsX-3.jpg\" alt='' title='LV_LBTU_logo-centrets_2022_zalsX'  height=\"150\" width=\"150\"  itemprop=\"thumbnailUrl\" srcset=\"https:\/\/wpweb-prod.rtu.lv\/universitasuasociacija\/wp-content\/uploads\/sites\/16\/2022\/12\/LV_LBTU_logo-centrets_2022_zalsX-3.jpg 150w, https:\/\/wpweb-prod.rtu.lv\/universitasuasociacija\/wp-content\/uploads\/sites\/16\/2022\/12\/LV_LBTU_logo-centrets_2022_zalsX-3-80x80.jpg 80w, https:\/\/wpweb-prod.rtu.lv\/universitasuasociacija\/wp-content\/uploads\/sites\/16\/2022\/12\/LV_LBTU_logo-centrets_2022_zalsX-3-36x36.jpg 36w\" sizes=\"(max-width: 150px) 100vw, 150px\" \/><\/a><\/div><\/div><\/div><br \/>\n<section  class='av_textblock_section av-1ejyxo-b927079744d8a318b0ad48ddfe1ae6c5 '   itemscope=\"itemscope\" itemtype=\"https:\/\/schema.org\/CreativeWork\" ><div class='avia_textblock'  itemprop=\"text\" ><p style=\"text-align: center\"><a href=\"https:\/\/www.llu.lv\/lv\">Latvijas Biozin\u0101t\u0146u un tehnolo\u0123iju universit\u0101te<\/a><\/p>\n<\/div><\/section><\/p><\/div>\n\n<style type=\"text\/css\" data-created_by=\"avia_inline_auto\" id=\"style-css-av-26d4lo-2197d2bc6d7c3aa2d140a4d559f0c9cf\">\n.flex_column.av-26d4lo-2197d2bc6d7c3aa2d140a4d559f0c9cf{\nborder-radius:0px 0px 0px 0px;\npadding:0px 0px 0px 0px;\n}\n<\/style>\n<div  class='flex_column av-26d4lo-2197d2bc6d7c3aa2d140a4d559f0c9cf av_one_fourth  avia-builder-el-11  el_after_av_one_fourth  el_before_av_one_fifth  flex_column_div av-zero-column-padding  '     ><p>\n<style type=\"text\/css\" data-created_by=\"avia_inline_auto\" id=\"style-css-av-20umro-245f29868cd08c1e4fddab65cfd89b09\">\n.avia-image-container.av-20umro-245f29868cd08c1e4fddab65cfd89b09 img.avia_image{\nbox-shadow:none;\n}\n.avia-image-container.av-20umro-245f29868cd08c1e4fddab65cfd89b09 .av-image-caption-overlay-center{\ncolor:#ffffff;\n}\n<\/style>\n<div  class='avia-image-container av-20umro-245f29868cd08c1e4fddab65cfd89b09 av-styling- av-img-linked avia-align-center  avia-builder-el-12  el_before_av_textblock  avia-builder-el-first '   itemprop=\"image\" itemscope=\"itemscope\" itemtype=\"https:\/\/schema.org\/ImageObject\" ><div class=\"avia-image-container-inner\"><div class=\"avia-image-overlay-wrap\"><a href=\"https:\/\/du.lv\/\" class='avia_image ' target=\"_blank\" rel=\"noopener noreferrer\" aria-label='DU-logo'><img decoding=\"async\" fetchpriority=\"high\" class='wp-image-588 avia-img-lazy-loading-not-588 avia_image ' src=\"https:\/\/wpweb-prod.rtu.lv\/universitasuasociacija\/wp-content\/uploads\/sites\/16\/2015\/09\/DU-logo.jpg\" alt='' title='DU-logo'  height=\"150\" width=\"150\"  itemprop=\"thumbnailUrl\" srcset=\"https:\/\/wpweb-prod.rtu.lv\/universitasuasociacija\/wp-content\/uploads\/sites\/16\/2015\/09\/DU-logo.jpg 150w, https:\/\/wpweb-prod.rtu.lv\/universitasuasociacija\/wp-content\/uploads\/sites\/16\/2015\/09\/DU-logo-80x80.jpg 80w, https:\/\/wpweb-prod.rtu.lv\/universitasuasociacija\/wp-content\/uploads\/sites\/16\/2015\/09\/DU-logo-36x36.jpg 36w, https:\/\/wpweb-prod.rtu.lv\/universitasuasociacija\/wp-content\/uploads\/sites\/16\/2015\/09\/DU-logo-120x120.jpg 120w\" sizes=\"(max-width: 150px) 100vw, 150px\" \/><\/a><\/div><\/div><\/div><br \/>\n<section  class='av_textblock_section av-1uakb8-5459efb6e7e0749450a1c48c142dae30 '   itemscope=\"itemscope\" itemtype=\"https:\/\/schema.org\/CreativeWork\" ><div class='avia_textblock'  itemprop=\"text\" ><p style=\"text-align: center\"><a href=\"https:\/\/du.lv\/\" target=\"_blank\" rel=\"noopener\">Daugavpils Universit\u0101te<\/a><\/p>\n<\/div><\/section><\/p><\/div>\n\n<style type=\"text\/css\" data-created_by=\"avia_inline_auto\" id=\"style-css-av-8iojg-7b8dfdf07bbd884a16544e51c8785a2a\">\n.flex_column.av-8iojg-7b8dfdf07bbd884a16544e51c8785a2a{\nborder-radius:0px 0px 0px 0px;\npadding:0px 0px 0px 0px;\n}\n<\/style>\n<div  class='flex_column av-8iojg-7b8dfdf07bbd884a16544e51c8785a2a av_one_fifth  avia-builder-el-14  el_after_av_one_fourth  el_before_av_one_third  first flex_column_div av-zero-column-padding  column-top-margin'     ><\/div>\n<div  class='flex_column av-36eqc4-1-315aae9d7e835914a5e6b09e66991a41 av_one_third  avia-builder-el-15  el_after_av_one_fifth  avia-builder-el-last  flex_column_div  column-top-margin'     ><p>\n<style type=\"text\/css\" data-created_by=\"avia_inline_auto\" id=\"style-css-av-uwh10-654416a3dd4bdd4a14d2641ce6b57bed\">\n.avia-image-container.av-uwh10-654416a3dd4bdd4a14d2641ce6b57bed img.avia_image{\nbox-shadow:none;\n}\n.avia-image-container.av-uwh10-654416a3dd4bdd4a14d2641ce6b57bed .av-image-caption-overlay-center{\ncolor:#ffffff;\n}\n<\/style>\n<div  class='avia-image-container av-uwh10-654416a3dd4bdd4a14d2641ce6b57bed av-styling- av-img-linked avia-align-center  avia-builder-el-16  el_before_av_textblock  avia-builder-el-first '   itemprop=\"image\" itemscope=\"itemscope\" itemtype=\"https:\/\/schema.org\/ImageObject\" ><div class=\"avia-image-container-inner\"><div class=\"avia-image-overlay-wrap\"><a href=\"http:\/\/www.lu.lv\/\" class='avia_image ' target=\"_blank\" rel=\"noopener noreferrer\" aria-label='2024_LU_logotips_LAT_horiz'><img decoding=\"async\" fetchpriority=\"high\" class='wp-image-1477 avia-img-lazy-loading-not-1477 avia_image ' src=\"https:\/\/wpweb-prod.rtu.lv\/universitasuasociacija\/wp-content\/uploads\/sites\/16\/2025\/05\/2024_LU_logotips_LAT_horiz-300x149.jpg\" alt='' title='2024_LU_logotips_LAT_horiz'  height=\"149\" width=\"300\"  itemprop=\"thumbnailUrl\" srcset=\"https:\/\/wpweb-prod.rtu.lv\/universitasuasociacija\/wp-content\/uploads\/sites\/16\/2025\/05\/2024_LU_logotips_LAT_horiz-300x149.jpg 300w, https:\/\/wpweb-prod.rtu.lv\/universitasuasociacija\/wp-content\/uploads\/sites\/16\/2025\/05\/2024_LU_logotips_LAT_horiz-1030x512.jpg 1030w, https:\/\/wpweb-prod.rtu.lv\/universitasuasociacija\/wp-content\/uploads\/sites\/16\/2025\/05\/2024_LU_logotips_LAT_horiz-768x382.jpg 768w, https:\/\/wpweb-prod.rtu.lv\/universitasuasociacija\/wp-content\/uploads\/sites\/16\/2025\/05\/2024_LU_logotips_LAT_horiz-1536x764.jpg 1536w, https:\/\/wpweb-prod.rtu.lv\/universitasuasociacija\/wp-content\/uploads\/sites\/16\/2025\/05\/2024_LU_logotips_LAT_horiz-2048x1019.jpg 2048w, https:\/\/wpweb-prod.rtu.lv\/universitasuasociacija\/wp-content\/uploads\/sites\/16\/2025\/05\/2024_LU_logotips_LAT_horiz-1500x746.jpg 1500w, https:\/\/wpweb-prod.rtu.lv\/universitasuasociacija\/wp-content\/uploads\/sites\/16\/2025\/05\/2024_LU_logotips_LAT_horiz-705x351.jpg 705w\" sizes=\"(max-width: 300px) 100vw, 300px\" \/><\/a><\/div><\/div><\/div><br \/>\n<section  class='av_textblock_section av-2kqdo-c06b2be1bb7431694e07ef77c88abc34 '   itemscope=\"itemscope\" itemtype=\"https:\/\/schema.org\/CreativeWork\" ><div class='avia_textblock'  itemprop=\"text\" ><p style=\"text-align: center\"><a href=\"http:\/\/www.lu.lv\/\" target=\"_blank\" rel=\"noopener\">Latvijas Universit\u0101te<\/a><\/p>\n<\/div><\/section><\/p><\/div>\n","protected":false},"excerpt":{"rendered":"","protected":false},"author":1,"featured_media":0,"parent":0,"menu_order":0,"comment_status":"closed","ping_status":"open","template":"","meta":{"_monsterinsights_skip_tracking":false,"_monsterinsights_sitenote_active":false,"_monsterinsights_sitenote_note":"","_monsterinsights_sitenote_category":0,"footnotes":""},"class_list":["post-540","page","type-page","status-publish","hentry"],"meta_box":[],"_links":{"self":[{"href":"https:\/\/lvua.lv\/index.php?rest_route=\/wp\/v2\/pages\/540","targetHints":{"allow":["GET"]}}],"collection":[{"href":"https:\/\/lvua.lv\/index.php?rest_route=\/wp\/v2\/pages"}],"about":[{"href":"https:\/\/lvua.lv\/index.php?rest_route=\/wp\/v2\/types\/page"}],"author":[{"embeddable":true,"href":"https:\/\/lvua.lv\/index.php?rest_route=\/wp\/v2\/users\/1"}],"replies":[{"embeddable":true,"href":"https:\/\/lvua.lv\/index.php?rest_route=%2Fwp%2Fv2%2Fcomments&post=540"}],"version-history":[{"count":21,"href":"https:\/\/lvua.lv\/index.php?rest_route=\/wp\/v2\/pages\/540\/revisions"}],"predecessor-version":[{"id":1470,"href":"https:\/\/lvua.lv\/index.php?rest_route=\/wp\/v2\/pages\/540\/revisions\/1470"}],"wp:attachment":[{"href":"https:\/\/lvua.lv\/index.php?rest_route=%2Fwp%2Fv2%2Fmedia&parent=540"}],"curies":[{"name":"wp","href":"https:\/\/api.w.org\/{rel}","templated":true}]}}